{"id":511,"date":"2024-07-17T09:59:39","date_gmt":"2024-07-17T09:59:39","guid":{"rendered":"https:\/\/highrev.qodeinteractive.com\/?page_id=511"},"modified":"2025-02-26T00:42:03","modified_gmt":"2025-02-26T00:42:03","slug":"kurumsal","status":"publish","type":"page","link":"https:\/\/hasdandokum.com.tr\/en\/kurumsal\/","title":{"rendered":"About Us"},"content":{"rendered":"\t\t<div data-elementor-type=\"wp-page\" data-elementor-id=\"511\" class=\"elementor elementor-511\" data-elementor-post-type=\"page\">\n\t\t\t\t<div class=\"elementor-element elementor-element-14cab39 e-con-full e-flex e-con e-parent\" data-id=\"14cab39\" data-element_type=\"container\" data-e-type=\"container\">\n\t\t<div class=\"elementor-element elementor-element-3e8e4d6 e-con-full e-flex e-con e-child\" data-id=\"3e8e4d6\" data-element_type=\"container\" data-e-type=\"container\">\n\t\t\t\t<div class=\"elementor-element elementor-element-89f4b29 elementor-widget elementor-widget-highrev_core_section_title\" data-id=\"89f4b29\" data-element_type=\"widget\" data-e-type=\"widget\" data-widget_type=\"highrev_core_section_title.default\">\n\t\t\t\t<div class=\"elementor-widget-container\">\n\t\t\t\t\t<div class=\"qodef-shortcode qodef-m  qodef-section-title qodef-section-title-336 qodef-alignment--left \">\n\t\t\t<h2 class=\"qodef-m-title\" >\n\t\t\t\t\tHakk\u0131m\u0131zda\t\t\t<\/h2>\n\t<\/div>\n\t\t\t\t<\/div>\n\t\t\t\t<\/div>\n\t\t\t\t<\/div>\n\t\t<div class=\"elementor-element elementor-element-008e279 e-con-full e-flex e-con e-child\" data-id=\"008e279\" data-element_type=\"container\" data-e-type=\"container\">\n\t\t\t\t<div class=\"elementor-element elementor-element-c0964e2 elementor-widget elementor-widget-text-editor\" data-id=\"c0964e2\" data-element_type=\"widget\" data-e-type=\"widget\" data-widget_type=\"text-editor.default\">\n\t\t\t\t<div class=\"elementor-widget-container\">\n\t\t\t\t\t\t\t\t\t<p data-pm-slice=\"0 0 []\">1972 y\u0131l\u0131nda kurulan Hasdan D\u00f6k\u00fcm, tar\u0131m, otomotiv ve makine sekt\u00f6rlerine y\u00f6nelik y\u00fcksek kaliteli d\u00f6k\u00fcm \u00e7\u00f6z\u00fcmleri sunan k\u00f6kl\u00fc bir kurulu\u015ftur. \u00c7elik, pik, sfero d\u00f6k\u00fcm ve paslanmaz d\u00f6k\u00fcm alanlar\u0131nda uzmanla\u015farak, m\u00fc\u015fterilerimize en iyi hizmeti sunmay\u0131 hedeflemekteyiz. Y\u0131llar\u0131n getirdi\u011fi tecr\u00fcbe ve yenilik\u00e7i \u00fcretim anlay\u0131\u015f\u0131m\u0131z sayesinde, sekt\u00f6rde g\u00fcvenilir ve \u00f6nc\u00fc bir marka olarak faaliyetlerimize devam ediyoruz. Kaliteyi, hassasiyeti ve dayan\u0131kl\u0131l\u0131\u011f\u0131 \u00f6n planda tutarak, her projede m\u00fc\u015fteri memnuniyetini en \u00fcst seviyeye \u00e7\u0131karmay\u0131 ama\u00e7l\u0131yoruz.<\/p>\t\t\t\t\t\t\t\t<\/div>\n\t\t\t\t<\/div>\n\t\t\t\t<div class=\"elementor-element elementor-element-906ef88 elementor-widget elementor-widget-text-editor\" data-id=\"906ef88\" data-element_type=\"widget\" data-e-type=\"widget\" data-widget_type=\"text-editor.default\">\n\t\t\t\t<div class=\"elementor-widget-container\">\n\t\t\t\t\t\t\t\t\t<p>Hasdan D\u00f6k\u00fcm, \u00fcretim s\u00fcre\u00e7lerinde son teknolojiye sahip otomatik kal\u0131plama cihazlar\u0131 kullanarak, ayl\u0131k 250 tonluk \u00fcretim kapasitesine ula\u015fmaktad\u0131r. \u00dcretim tesisimizde yer alan 2 adet 1 ton kapasiteli ind\u00fcksiyon oca\u011f\u0131m\u0131z ve saatte 2.5 ton s\u0131v\u0131 maden i\u015fleme kapasitemiz sayesinde, b\u00fcy\u00fck \u00f6l\u00e7ekli ve \u00f6zel projelere h\u0131zl\u0131 ve etkin \u00e7\u00f6z\u00fcmler sunuyoruz. Geli\u015fmi\u015f altyap\u0131m\u0131z ve y\u00fcksek \u00fcretim kapasitemiz ile sekt\u00f6rdeki en zorlu taleplere bile g\u00fcvenilir, verimli ve kaliteli \u00fcretim anlay\u0131\u015f\u0131m\u0131zla cevap vermekteyiz.<\/p>\t\t\t\t\t\t\t\t<\/div>\n\t\t\t\t<\/div>\n\t\t\t\t<\/div>\n\t\t\t\t<\/div>\n\t\t<div class=\"elementor-element elementor-element-4008d0e e-con-full e-flex e-con e-parent\" data-id=\"4008d0e\" data-element_type=\"container\" data-e-type=\"container\">\n\t\t<div class=\"elementor-element elementor-element-2b94ad4 e-con-full e-flex e-con e-child\" data-id=\"2b94ad4\" data-element_type=\"container\" data-e-type=\"container\">\n\t\t\t\t<div class=\"elementor-element elementor-element-d401961 elementor-widget elementor-widget-highrev_core_single_image\" data-id=\"d401961\" data-element_type=\"widget\" data-e-type=\"widget\" data-widget_type=\"highrev_core_single_image.default\">\n\t\t\t\t<div class=\"elementor-widget-container\">\n\t\t\t\t\t<div class=\"qodef-shortcode qodef-m  qodef-single-image qodef-layout--default   \"  >\n\t\t\t<div class=\"qodef-m-image\">\n\t\t\t\t\t\t\t\t<img fetchpriority=\"high\" decoding=\"async\" width=\"1300\" height=\"1300\" src=\"https:\/\/hasdandokum.com.tr\/wp-content\/uploads\/2025\/02\/IMG_3720-1-e1740530058316-1300x1300.png\" class=\"attachment-highrev_core_image_size_huge-square size-highrev_core_image_size_huge-square\" alt=\"\" srcset=\"https:\/\/hasdandokum.com.tr\/wp-content\/uploads\/2025\/02\/IMG_3720-1-e1740530058316-1300x1300.png 1300w, https:\/\/hasdandokum.com.tr\/wp-content\/uploads\/2025\/02\/IMG_3720-1-e1740530058316-150x150.png 150w, https:\/\/hasdandokum.com.tr\/wp-content\/uploads\/2025\/02\/IMG_3720-1-e1740530058316-650x650.png 650w, https:\/\/hasdandokum.com.tr\/wp-content\/uploads\/2025\/02\/IMG_3720-1-e1740530058316-300x300.png 300w, https:\/\/hasdandokum.com.tr\/wp-content\/uploads\/2025\/02\/IMG_3720-1-e1740530058316-100x100.png 100w\" sizes=\"(max-width: 1300px) 100vw, 1300px\" \/>\t\t\t\t\t\t\t<\/div>\n\t<\/div>\n\t\t\t\t<\/div>\n\t\t\t\t<\/div>\n\t\t\t\t<div class=\"elementor-element elementor-element-729dd33 elementor-widget elementor-widget-highrev_core_section_title\" data-id=\"729dd33\" data-element_type=\"widget\" data-e-type=\"widget\" data-widget_type=\"highrev_core_section_title.default\">\n\t\t\t\t<div class=\"elementor-widget-container\">\n\t\t\t\t\t<div class=\"qodef-shortcode qodef-m  qodef-section-title qodef-section-title-44 qodef-alignment--left \">\n\t\t\t<h3 class=\"qodef-m-title\" >\n\t\t\t\t\tMisyonumuz\t\t\t<\/h3>\n\t\t<p class=\"qodef-m-text\" style=\"margin-top: 10px\">Hasdan D\u00f6k\u00fcm olarak misyonumuz, tar\u0131m, otomotiv ve makine sekt\u00f6rlerine y\u00f6nelik y\u00fcksek kaliteli d\u00f6k\u00fcm \u00e7\u00f6z\u00fcmleri sunarak m\u00fc\u015fterilerimizin \u00fcretim s\u00fcre\u00e7lerini g\u00fc\u00e7lendirmek ve rekabet avantaj\u0131 kazanmalar\u0131na katk\u0131da bulunmakt\u0131r. Son teknoloji otomatik kal\u0131plama cihazlar\u0131m\u0131z, modern \u00fcretim tesisimiz ve deneyimli ekibimiz ile m\u00fc\u015fteri memnuniyetini en \u00fcst seviyede tutmay\u0131 hedefliyoruz. Kalite, hassasiyet ve dayan\u0131kl\u0131l\u0131\u011f\u0131 \u00f6n planda tutarak, s\u00fcrd\u00fcr\u00fclebilir \u00fcretim anlay\u0131\u015f\u0131yla sekt\u00f6re de\u011fer katmaya devam ediyoruz.<\/p>\n<\/div>\n\t\t\t\t<\/div>\n\t\t\t\t<\/div>\n\t\t\t\t<\/div>\n\t\t<div class=\"elementor-element elementor-element-cf7cb9f e-con-full e-flex e-con e-child\" data-id=\"cf7cb9f\" data-element_type=\"container\" data-e-type=\"container\">\n\t\t\t\t<div class=\"elementor-element elementor-element-ab56ef7 elementor-widget elementor-widget-highrev_core_single_image\" data-id=\"ab56ef7\" data-element_type=\"widget\" data-e-type=\"widget\" data-widget_type=\"highrev_core_single_image.default\">\n\t\t\t\t<div class=\"elementor-widget-container\">\n\t\t\t\t\t<div class=\"qodef-shortcode qodef-m  qodef-single-image qodef-layout--default   \"  >\n\t\t\t<div class=\"qodef-m-image\">\n\t\t\t\t\t\t\t\t<img decoding=\"async\" width=\"1300\" height=\"1300\" src=\"https:\/\/hasdandokum.com.tr\/wp-content\/uploads\/2025\/02\/IMG_4272-1300x1300.jpg\" class=\"attachment-highrev_core_image_size_huge-square size-highrev_core_image_size_huge-square\" alt=\"\" srcset=\"https:\/\/hasdandokum.com.tr\/wp-content\/uploads\/2025\/02\/IMG_4272-1300x1300.jpg 1300w, https:\/\/hasdandokum.com.tr\/wp-content\/uploads\/2025\/02\/IMG_4272-150x150.jpg 150w, https:\/\/hasdandokum.com.tr\/wp-content\/uploads\/2025\/02\/IMG_4272-650x650.jpg 650w, https:\/\/hasdandokum.com.tr\/wp-content\/uploads\/2025\/02\/IMG_4272-300x300.jpg 300w, https:\/\/hasdandokum.com.tr\/wp-content\/uploads\/2025\/02\/IMG_4272-100x100.jpg 100w\" sizes=\"(max-width: 1300px) 100vw, 1300px\" \/>\t\t\t\t\t\t\t<\/div>\n\t<\/div>\n\t\t\t\t<\/div>\n\t\t\t\t<\/div>\n\t\t\t\t<div class=\"elementor-element elementor-element-e6502ca elementor-widget elementor-widget-highrev_core_section_title\" data-id=\"e6502ca\" data-element_type=\"widget\" data-e-type=\"widget\" data-widget_type=\"highrev_core_section_title.default\">\n\t\t\t\t<div class=\"elementor-widget-container\">\n\t\t\t\t\t<div class=\"qodef-shortcode qodef-m  qodef-section-title qodef-section-title-610 qodef-alignment--left \">\n\t\t\t<h3 class=\"qodef-m-title\" >\n\t\t\t\t\tVizyonumuz\t\t\t<\/h3>\n\t\t<p class=\"qodef-m-text\" style=\"margin-top: 10px\">Vizyonumuz, d\u00f6k\u00fcm sekt\u00f6r\u00fcnde yenilik\u00e7i ve g\u00fcvenilir \u00e7\u00f6z\u00fcmler sunan \u00f6nc\u00fc bir marka olarak ulusal ve uluslararas\u0131 pazarda g\u00fc\u00e7l\u00fc bir konum elde etmektir. Teknolojik yat\u0131r\u0131mlar\u0131m\u0131z\u0131 ve \u00fcretim kapasitemizi s\u00fcrekli art\u0131rarak, b\u00fcy\u00fck \u00f6l\u00e7ekli ve \u00f6zel projelere h\u0131zl\u0131 ve etkin \u00e7\u00f6z\u00fcmler sunmay\u0131 ama\u00e7l\u0131yoruz. M\u00fc\u015fteri odakl\u0131 yakla\u015f\u0131m\u0131m\u0131z ve kalite anlay\u0131\u015f\u0131m\u0131z ile sekt\u00f6r\u00fcn en \u00e7ok tercih edilen firmalar\u0131ndan biri olmay\u0131 hedefliyoruz.<\/p>\n<\/div>\n\t\t\t\t<\/div>\n\t\t\t\t<\/div>\n\t\t\t\t<\/div>\n\t\t\t\t<\/div>\n\t\t<div class=\"elementor-element elementor-element-774d9d4 e-con-full e-flex e-con e-parent\" data-id=\"774d9d4\" data-element_type=\"container\" data-e-type=\"container\">\n\t\t\t\t<div class=\"elementor-element elementor-element-0cb6226 elementor-widget elementor-widget-highrev_core_section_title\" data-id=\"0cb6226\" data-element_type=\"widget\" data-e-type=\"widget\" data-widget_type=\"highrev_core_section_title.default\">\n\t\t\t\t<div class=\"elementor-widget-container\">\n\t\t\t\t\t<div class=\"qodef-shortcode qodef-m  qodef-section-title qodef-section-title-142 qodef-alignment--left \">\n\t\t\t<h2 class=\"qodef-m-title\" >\n\t\t\t\t\tBizden Haberler\t\t\t<\/h2>\n\t<\/div>\n\t\t\t\t<\/div>\n\t\t\t\t<\/div>\n\t\t\t\t<div class=\"elementor-element elementor-element-d768bc1 elementor-widget elementor-widget-highrev_core_blog_list\" data-id=\"d768bc1\" data-element_type=\"widget\" data-e-type=\"widget\" data-widget_type=\"highrev_core_blog_list.default\">\n\t\t\t\t<div class=\"elementor-widget-container\">\n\t\t\t\t\t<div class=\"qodef-shortcode qodef-m  qodef-blog qodef-item-layout--compact qodef-grid qodef-layout--columns  qodef-gutter--large qodef-vertical-gutter--large qodef-col-num--3 qodef-item-layout--compact  qodef-pagination--off qodef-responsive--custom qodef-col-num--1512--3 qodef-col-num--1368--3 qodef-col-num--1200--3 qodef-col-num--1024--2 qodef-col-num--880--2 qodef-col-num--680--1 qodef-col-num--480--1 qodef-swiper--show-pagination\"  data-options=\"{&quot;plugin&quot;:&quot;highrev_core&quot;,&quot;module&quot;:&quot;blog\\\/shortcodes&quot;,&quot;shortcode&quot;:&quot;blog-list&quot;,&quot;post_type&quot;:&quot;post&quot;,&quot;next_page&quot;:&quot;2&quot;,&quot;max_pages_num&quot;:0,&quot;behavior&quot;:&quot;columns&quot;,&quot;images_proportion&quot;:&quot;full&quot;,&quot;columns&quot;:&quot;3&quot;,&quot;columns_responsive&quot;:&quot;custom&quot;,&quot;columns_1512&quot;:&quot;3&quot;,&quot;columns_1368&quot;:&quot;3&quot;,&quot;columns_1200&quot;:&quot;3&quot;,&quot;columns_1024&quot;:&quot;2&quot;,&quot;columns_880&quot;:&quot;2&quot;,&quot;columns_680&quot;:&quot;1&quot;,&quot;columns_480&quot;:&quot;1&quot;,&quot;space&quot;:&quot;large&quot;,&quot;vertical_space&quot;:&quot;large&quot;,&quot;posts_per_page&quot;:&quot;3&quot;,&quot;orderby&quot;:&quot;date&quot;,&quot;order&quot;:&quot;ASC&quot;,&quot;additional_params&quot;:&quot;tax&quot;,&quot;tax&quot;:&quot;category&quot;,&quot;tax_slug&quot;:&quot;Automobile&quot;,&quot;layout&quot;:&quot;compact&quot;,&quot;title_tag&quot;:&quot;h4&quot;,&quot;excerpt_length&quot;:&quot;120&quot;,&quot;pagination_type&quot;:&quot;no-pagination&quot;,&quot;object_class_name&quot;:&quot;HighRevCore_Blog_List_Shortcode&quot;,&quot;taxonomy_filter&quot;:&quot;category&quot;,&quot;additional_query_args&quot;:{&quot;tax_query&quot;:[{&quot;taxonomy&quot;:&quot;category&quot;,&quot;field&quot;:&quot;slug&quot;,&quot;terms&quot;:&quot;Automobile&quot;}]},&quot;holder_styles&quot;:[],&quot;space_value&quot;:50}\">\n\t\t<div class=\"qodef-grid-inner\">\n\t\t<p class=\"qodef-m-posts-not-found qodef-grid-item\">No posts were found for provided query parameters.<\/p>\n\t<\/div>\n\t<\/div>\n\t\t\t\t<\/div>\n\t\t\t\t<\/div>\n\t\t\t\t<\/div>\n\t\t\t\t<\/div>\n\t\t","protected":false},"excerpt":{"rendered":"<p>Hakk\u0131m\u0131zda 1972 y\u0131l\u0131nda kurulan Hasdan D\u00f6k\u00fcm, tar\u0131m, otomotiv ve makine sekt\u00f6rlerine y\u00f6nelik y\u00fcksek kaliteli d\u00f6k\u00fcm \u00e7\u00f6z\u00fcmleri sunan k\u00f6kl\u00fc bir kurulu\u015ftur. \u00c7elik, pik, sfero d\u00f6k\u00fcm ve paslanmaz d\u00f6k\u00fcm alanlar\u0131nda uzmanla\u015farak, m\u00fc\u015fterilerimize en iyi hizmeti sunmay\u0131 hedeflemekteyiz. Y\u0131llar\u0131n getirdi\u011fi tecr\u00fcbe ve yenilik\u00e7i \u00fcretim anlay\u0131\u015f\u0131m\u0131z sayesinde, sekt\u00f6rde g\u00fcvenilir ve \u00f6nc\u00fc bir marka olarak faaliyetlerimize devam ediyoruz. Kaliteyi, hassasiyeti ve dayan\u0131kl\u0131l\u0131\u011f\u0131 \u00f6n planda tutarak, her projede m\u00fc\u015fteri memnuniyetini en \u00fcst seviyeye \u00e7\u0131karmay\u0131 ama\u00e7l\u0131yoruz. Hasdan D\u00f6k\u00fcm, \u00fcretim s\u00fcre\u00e7lerinde son teknolojiye sahip otomatik kal\u0131plama cihazlar\u0131 kullanarak, ayl\u0131k 250 tonluk \u00fcretim kapasitesine ula\u015fmaktad\u0131r. \u00dcretim tesisimizde yer alan 2 adet 1 ton kapasiteli ind\u00fcksiyon oca\u011f\u0131m\u0131z ve saatte 2.5 ton s\u0131v\u0131 maden i\u015fleme kapasitemiz sayesinde, b\u00fcy\u00fck \u00f6l\u00e7ekli ve \u00f6zel projelere h\u0131zl\u0131 ve etkin \u00e7\u00f6z\u00fcmler sunuyoruz. Geli\u015fmi\u015f altyap\u0131m\u0131z ve y\u00fcksek \u00fcretim kapasitemiz ile sekt\u00f6rdeki en zorlu taleplere bile g\u00fcvenilir, verimli ve kaliteli \u00fcretim anlay\u0131\u015f\u0131m\u0131zla cevap vermekteyiz. Misyonumuz Hasdan D\u00f6k\u00fcm olarak misyonumuz, tar\u0131m, otomotiv ve makine sekt\u00f6rlerine y\u00f6nelik y\u00fcksek kaliteli d\u00f6k\u00fcm \u00e7\u00f6z\u00fcmleri sunarak m\u00fc\u015fterilerimizin \u00fcretim s\u00fcre\u00e7lerini g\u00fc\u00e7lendirmek ve rekabet avantaj\u0131 kazanmalar\u0131na katk\u0131da bulunmakt\u0131r. Son teknoloji otomatik kal\u0131plama cihazlar\u0131m\u0131z, modern \u00fcretim tesisimiz ve deneyimli ekibimiz ile m\u00fc\u015fteri memnuniyetini en \u00fcst seviyede tutmay\u0131 hedefliyoruz. Kalite, hassasiyet ve dayan\u0131kl\u0131l\u0131\u011f\u0131 \u00f6n planda tutarak, s\u00fcrd\u00fcr\u00fclebilir \u00fcretim anlay\u0131\u015f\u0131yla sekt\u00f6re de\u011fer katmaya devam ediyoruz. Vizyonumuz Vizyonumuz, d\u00f6k\u00fcm sekt\u00f6r\u00fcnde yenilik\u00e7i ve g\u00fcvenilir \u00e7\u00f6z\u00fcmler sunan \u00f6nc\u00fc bir marka olarak ulusal ve uluslararas\u0131 pazarda g\u00fc\u00e7l\u00fc bir konum elde etmektir. Teknolojik yat\u0131r\u0131mlar\u0131m\u0131z\u0131 ve \u00fcretim kapasitemizi s\u00fcrekli art\u0131rarak, b\u00fcy\u00fck \u00f6l\u00e7ekli ve \u00f6zel projelere h\u0131zl\u0131 ve etkin \u00e7\u00f6z\u00fcmler sunmay\u0131 ama\u00e7l\u0131yoruz. M\u00fc\u015fteri odakl\u0131 yakla\u015f\u0131m\u0131m\u0131z ve kalite anlay\u0131\u015f\u0131m\u0131z ile sekt\u00f6r\u00fcn en \u00e7ok tercih edilen firmalar\u0131ndan biri olmay\u0131 hedefliyoruz. Bizden Haberler No posts were found for provided query parameters.<\/p>","protected":false},"author":1,"featured_media":4833,"parent":0,"menu_order":0,"comment_status":"closed","ping_status":"closed","template":"page-full-width.php","meta":{"om_disable_all_campaigns":false,"_monsterinsights_skip_tracking":false,"_monsterinsights_sitenote_active":false,"_monsterinsights_sitenote_note":"","_monsterinsights_sitenote_category":0,"footnotes":""},"class_list":["post-511","page","type-page","status-publish","has-post-thumbnail","hentry"],"aioseo_notices":[],"_links":{"self":[{"href":"https:\/\/hasdandokum.com.tr\/en\/wp-json\/wp\/v2\/pages\/511","targetHints":{"allow":["GET"]}}],"collection":[{"href":"https:\/\/hasdandokum.com.tr\/en\/wp-json\/wp\/v2\/pages"}],"about":[{"href":"https:\/\/hasdandokum.com.tr\/en\/wp-json\/wp\/v2\/types\/page"}],"author":[{"embeddable":true,"href":"https:\/\/hasdandokum.com.tr\/en\/wp-json\/wp\/v2\/users\/1"}],"replies":[{"embeddable":true,"href":"https:\/\/hasdandokum.com.tr\/en\/wp-json\/wp\/v2\/comments?post=511"}],"version-history":[{"count":22,"href":"https:\/\/hasdandokum.com.tr\/en\/wp-json\/wp\/v2\/pages\/511\/revisions"}],"predecessor-version":[{"id":4993,"href":"https:\/\/hasdandokum.com.tr\/en\/wp-json\/wp\/v2\/pages\/511\/revisions\/4993"}],"wp:featuredmedia":[{"embeddable":true,"href":"https:\/\/hasdandokum.com.tr\/en\/wp-json\/wp\/v2\/media\/4833"}],"wp:attachment":[{"href":"https:\/\/hasdandokum.com.tr\/en\/wp-json\/wp\/v2\/media?parent=511"}],"curies":[{"name":"wp","href":"https:\/\/api.w.org\/{rel}","templated":true}]}}