{"id":838,"date":"2024-07-18T08:54:16","date_gmt":"2024-07-18T08:54:16","guid":{"rendered":"https:\/\/highrev.qodeinteractive.com\/?page_id=838"},"modified":"2025-02-15T12:53:28","modified_gmt":"2025-02-15T12:53:28","slug":"iletisim","status":"publish","type":"page","link":"https:\/\/hasdandokum.com.tr\/en\/iletisim\/","title":{"rendered":"Contact"},"content":{"rendered":"\t\t<div data-elementor-type=\"wp-page\" data-elementor-id=\"838\" class=\"elementor elementor-838\" data-elementor-post-type=\"page\">\n\t\t\t\t<div class=\"elementor-element elementor-element-e71b23e e-con-full qodef-elementor-content-grid e-flex e-con e-parent\" data-id=\"e71b23e\" data-element_type=\"container\" data-e-type=\"container\">\n\t\t\t\t<div class=\"elementor-element elementor-element-c74a65d elementor-widget elementor-widget-highrev_core_google_map\" data-id=\"c74a65d\" data-element_type=\"widget\" data-e-type=\"widget\" data-widget_type=\"highrev_core_google_map.default\">\n\t\t\t\t<div class=\"elementor-widget-container\">\n\t\t\t\t\t<div class=\"qodef-shortcode qodef-m  qodef-google-map\">\n\t<div class=\"qodef-m-map\" id=\"qodef-map-id--952\" data-addresses='[\"King Charles St, London SW1A 2AH, United Kingdom \"]' data-pin=https:\/\/hasdandokum.com.tr\/wp-content\/uploads\/2024\/10\/map-pin.png data-unique-id=952 data-height=600><\/div>\n<\/div>\n\t\t\t\t<\/div>\n\t\t\t\t<\/div>\n\t\t\t\t<\/div>\n\t\t<div class=\"elementor-element elementor-element-ea0edd1 e-con-full e-flex e-con e-parent\" data-id=\"ea0edd1\" data-element_type=\"container\" data-e-type=\"container\">\n\t\t<div class=\"elementor-element elementor-element-10ab248 e-con-full e-flex e-con e-child\" data-id=\"10ab248\" data-element_type=\"container\" data-e-type=\"container\">\n\t\t\t\t<div class=\"elementor-element elementor-element-66a7df5 elementor-widget elementor-widget-highrev_core_section_title\" data-id=\"66a7df5\" data-element_type=\"widget\" data-e-type=\"widget\" data-widget_type=\"highrev_core_section_title.default\">\n\t\t\t\t<div class=\"elementor-widget-container\">\n\t\t\t\t\t<div class=\"qodef-shortcode qodef-m  qodef-section-title qodef-section-title-145 qodef-alignment--left \">\n\t\t<h6 class=\"qodef-m-subtitle\" > <\/h6>\n\t\t<h2 class=\"qodef-m-title\" >\n\t\t\t\t\tBize Ula\u015f\u0131n\t\t\t<\/h2>\n\t\t<p class=\"qodef-m-text\" style=\"margin-top: 10px\">Hasdan D\u00f6k\u00fcm olarak, sorular\u0131n\u0131z\u0131 yan\u0131tlamaya ve projelerinize en uygun d\u00f6k\u00fcm \u00e7\u00f6z\u00fcmlerini sunmaya haz\u0131r\u0131z. \u00c7elik, pik, sfero ve paslanmaz d\u00f6k\u00fcm hizmetlerimiz hakk\u0131nda detayl\u0131 bilgi almak i\u00e7in bizimle ileti\u015fime ge\u00e7in.<\/p>\n<\/div>\n\t\t\t\t<\/div>\n\t\t\t\t<\/div>\n\t\t\t\t<div class=\"elementor-element elementor-element-c11b60a elementor-widget elementor-widget-highrev_core_icon_with_text\" data-id=\"c11b60a\" data-element_type=\"widget\" data-e-type=\"widget\" data-widget_type=\"highrev_core_icon_with_text.default\">\n\t\t\t\t<div class=\"elementor-widget-container\">\n\t\t\t\t\t<div class=\"qodef-shortcode qodef-m  qodef-icon-with-text qodef-layout--before-content qodef--icon-pack \">\n\t<div class=\"qodef-m-icon-wrapper\" >\n\t\t<span class=\"qodef-shortcode qodef-m  qodef-icon-holder qodef-size--default qodef-layout--normal\"  >\t\t\t<a itemprop=\"url\" href=\"tel:+905546582070\" target=\"_blank\">\t\t\t<span class=\"qodef-icon-elegant-icons icon_phone qodef-icon qodef-e\" style=\"\" ><\/span>\t\t\t<\/a>\t<\/span>\t<\/div>\n\t<div class=\"qodef-m-content\">\n\t\t\t<p class=\"qodef-m-title\" style=\"margin-top: -3px\">\n\t\t\t\t\t<a itemprop=\"url\" href=\"tel:+905546582070\" target=\"_blank\">\n\t\t\t\t\t<span class=\"qodef-m-title-text\">+90 554 658 20 70<\/span>\n\t\t\t\t\t<\/a>\n\t\t\t<\/p>\n\t\t\t<\/div>\n<\/div>\n\t\t\t\t<\/div>\n\t\t\t\t<\/div>\n\t\t\t\t<div class=\"elementor-element elementor-element-74b2430 elementor-widget elementor-widget-highrev_core_icon_with_text\" data-id=\"74b2430\" data-element_type=\"widget\" data-e-type=\"widget\" data-widget_type=\"highrev_core_icon_with_text.default\">\n\t\t\t\t<div class=\"elementor-widget-container\">\n\t\t\t\t\t<div class=\"qodef-shortcode qodef-m  qodef-icon-with-text qodef-layout--before-content qodef--icon-pack \">\n\t<div class=\"qodef-m-icon-wrapper\" >\n\t\t<span class=\"qodef-shortcode qodef-m  qodef-icon-holder qodef-size--default qodef-layout--normal\"  >\t\t\t<a itemprop=\"url\" href=\"mailto:hasdandokum@gmail.com\" target=\"_blank\">\t\t\t<span class=\"qodef-icon-elegant-icons icon_mail qodef-icon qodef-e\" style=\"\" ><\/span>\t\t\t<\/a>\t<\/span>\t<\/div>\n\t<div class=\"qodef-m-content\">\n\t\t\t<p class=\"qodef-m-title\" style=\"margin-top: -2px\">\n\t\t\t\t\t<a itemprop=\"url\" href=\"mailto:hasdandokum@gmail.com\" target=\"_blank\">\n\t\t\t\t\t<span class=\"qodef-m-title-text\">hasdandokum@gmail.com<\/span>\n\t\t\t\t\t<\/a>\n\t\t\t<\/p>\n\t\t\t<\/div>\n<\/div>\n\t\t\t\t<\/div>\n\t\t\t\t<\/div>\n\t\t\t\t<div class=\"elementor-element elementor-element-c1e4aaa elementor-widget elementor-widget-highrev_core_icon_with_text\" data-id=\"c1e4aaa\" data-element_type=\"widget\" data-e-type=\"widget\" data-widget_type=\"highrev_core_icon_with_text.default\">\n\t\t\t\t<div class=\"elementor-widget-container\">\n\t\t\t\t\t<div class=\"qodef-shortcode qodef-m  qodef-icon-with-text qodef-layout--before-content qodef--icon-pack \">\n\t<div class=\"qodef-m-icon-wrapper\" >\n\t\t<span class=\"qodef-shortcode qodef-m  qodef-icon-holder qodef-size--default qodef-layout--normal\"  >\t\t\t<a itemprop=\"url\" href=\"mailto:info@hasdandokum.com\" target=\"_blank\">\t\t\t<span class=\"qodef-icon-elegant-icons icon_mail qodef-icon qodef-e\" style=\"\" ><\/span>\t\t\t<\/a>\t<\/span>\t<\/div>\n\t<div class=\"qodef-m-content\">\n\t\t\t<p class=\"qodef-m-title\" style=\"margin-top: -2px\">\n\t\t\t\t\t<a itemprop=\"url\" href=\"mailto:info@hasdandokum.com\" target=\"_blank\">\n\t\t\t\t\t<span class=\"qodef-m-title-text\">info@hasdandokum.com<\/span>\n\t\t\t\t\t<\/a>\n\t\t\t<\/p>\n\t\t\t<\/div>\n<\/div>\n\t\t\t\t<\/div>\n\t\t\t\t<\/div>\n\t\t\t\t<div class=\"elementor-element elementor-element-dc051a5 elementor-widget elementor-widget-highrev_core_icon_with_text\" data-id=\"dc051a5\" data-element_type=\"widget\" data-e-type=\"widget\" data-widget_type=\"highrev_core_icon_with_text.default\">\n\t\t\t\t<div class=\"elementor-widget-container\">\n\t\t\t\t\t<div class=\"qodef-shortcode qodef-m  qodef-icon-with-text qodef-layout--before-content qodef--icon-pack \">\n\t<div class=\"qodef-m-icon-wrapper\" >\n\t\t<span class=\"qodef-shortcode qodef-m  qodef-icon-holder qodef-size--default qodef-layout--normal\"  >\t\t\t<a itemprop=\"url\" href=\"https:\/\/www.google.com\/maps\/place\/King+Charles+St,+London,+%D0%92%D0%B5%D0%BB%D0%B8%D0%BA%D0%B0+%D0%91%D1%80%D0%B8%D1%82%D0%B0%D0%BD%D0%B8%D1%98%D0%B0\/@51.5022148,-0.1301631,17z\/data=!3m1!4b1!4m6!3m5!1s0x487604c51f40121f:0x76f713267450d16!8m2!3d51.5022115!4d-0.1275882!16s%2Fg%2F1thxvpwn?entry=ttu&#038;g_ep=EgoyMDI0MTAwOS4wIKXMDSoASAFQAw%3D%3D\" target=\"_blank\">\t\t\t<span class=\"qodef-icon-elegant-icons icon_pin qodef-icon qodef-e\" style=\"\" ><\/span>\t\t\t<\/a>\t<\/span>\t<\/div>\n\t<div class=\"qodef-m-content\">\n\t\t\t<p class=\"qodef-m-title\" style=\"margin-top: -2px\">\n\t\t\t\t\t<a itemprop=\"url\" href=\"https:\/\/www.google.com\/maps\/place\/King+Charles+St,+London,+%D0%92%D0%B5%D0%BB%D0%B8%D0%BA%D0%B0+%D0%91%D1%80%D0%B8%D1%82%D0%B0%D0%BD%D0%B8%D1%98%D0%B0\/@51.5022148,-0.1301631,17z\/data=!3m1!4b1!4m6!3m5!1s0x487604c51f40121f:0x76f713267450d16!8m2!3d51.5022115!4d-0.1275882!16s%2Fg%2F1thxvpwn?entry=ttu&#038;g_ep=EgoyMDI0MTAwOS4wIKXMDSoASAFQAw%3D%3D\" target=\"_blank\">\n\t\t\t\t\t<span class=\"qodef-m-title-text\">Vatan Sanayi Sitesi, G\u00fcr\u00e7\u0131nar Sokak, No:21 Karatay \/ KONYA<\/span>\n\t\t\t\t\t<\/a>\n\t\t\t<\/p>\n\t\t\t<\/div>\n<\/div>\n\t\t\t\t<\/div>\n\t\t\t\t<\/div>\n\t\t\t\t<div class=\"elementor-element elementor-element-6d9b00f elementor-widget elementor-widget-highrev_core_icon_with_text\" data-id=\"6d9b00f\" data-element_type=\"widget\" data-e-type=\"widget\" data-widget_type=\"highrev_core_icon_with_text.default\">\n\t\t\t\t<div class=\"elementor-widget-container\">\n\t\t\t\t\t<div class=\"qodef-shortcode qodef-m  qodef-icon-with-text qodef-layout--before-content qodef--icon-pack \">\n\t<div class=\"qodef-m-icon-wrapper\" >\n\t\t<span class=\"qodef-shortcode qodef-m  qodef-icon-holder qodef-size--default qodef-layout--normal\"  >\t\t\t<span class=\"qodef-icon-elegant-icons icon_clock qodef-icon qodef-e\" style=\"\" ><\/span>\t<\/span>\t<\/div>\n\t<div class=\"qodef-m-content\">\n\t\t\t<p class=\"qodef-m-title\" >\n\t\t\t\t\t<span class=\"qodef-m-title-text\">Pazartesi - Cuma<\/span>\n\t\t\t<\/p>\n\t\t\t<p class=\"qodef-m-text\" style=\"margin-top: -4px\">08.00 - 18.00<\/p>\n\t<\/div>\n<\/div>\n\t\t\t\t<\/div>\n\t\t\t\t<\/div>\n\t\t\t\t<div class=\"elementor-element elementor-element-8174a8e elementor-widget elementor-widget-highrev_core_icon_list_item\" data-id=\"8174a8e\" data-element_type=\"widget\" data-e-type=\"widget\" data-widget_type=\"highrev_core_icon_list_item.default\">\n\t\t\t\t<div class=\"elementor-widget-container\">\n\t\t\t\t\t<div class=\"qodef-icon-list-item qodef-icon--icon-pack\" >\n\t<p class=\"qodef-e-title\" >\n\t\t\t\t\t<span class=\"qodef-e-title-inner\">\n\t\t\t\t\t\t\t\t<span class=\"qodef-e-title-text\"><\/span>\n\t\t\t<\/span>\n\t\t\t<\/p>\n<\/div>\n\t\t\t\t<\/div>\n\t\t\t\t<\/div>\n\t\t\t\t<\/div>\n\t\t<div class=\"elementor-element elementor-element-08af493 e-con-full e-flex e-con e-child\" data-id=\"08af493\" data-element_type=\"container\" data-e-type=\"container\">\n\t\t\t\t<div class=\"elementor-element elementor-element-c01fd13 elementor-widget elementor-widget-wp-widget-highrev_core_contact_form_7\" data-id=\"c01fd13\" data-element_type=\"widget\" data-e-type=\"widget\" data-widget_type=\"wp-widget-highrev_core_contact_form_7.default\">\n\t\t\t\t<div class=\"elementor-widget-container\">\n\t\t\t\t\t\t\t\t<div class=\"qodef-contact-form-7\">\n\t\t\t\t\n<div class=\"wpcf7 no-js\" id=\"wpcf7-f769-o1\" lang=\"en-US\" dir=\"ltr\" data-wpcf7-id=\"769\">\n<div class=\"screen-reader-response\"><p role=\"status\" aria-live=\"polite\" aria-atomic=\"true\"><\/p> <ul><\/ul><\/div>\n<form action=\"\/en\/wp-json\/wp\/v2\/pages\/838#wpcf7-f769-o1\" method=\"post\" class=\"wpcf7-form init\" aria-label=\"Contact form\" novalidate=\"novalidate\" data-status=\"init\">\n<fieldset class=\"hidden-fields-container\"><input type=\"hidden\" name=\"_wpcf7\" value=\"769\" \/><input type=\"hidden\" name=\"_wpcf7_version\" value=\"6.1.5\" \/><input type=\"hidden\" name=\"_wpcf7_locale\" value=\"en_US\" \/><input type=\"hidden\" name=\"_wpcf7_unit_tag\" value=\"wpcf7-f769-o1\" \/><input type=\"hidden\" name=\"_wpcf7_container_post\" value=\"0\" \/><input type=\"hidden\" name=\"_wpcf7_posted_data_hash\" value=\"\" \/>\n<\/fieldset>\n<div class=\"qodef-standard-form\"><div class=\"qodef-input-holder\"><span class=\"wpcf7-form-control-wrap\" data-name=\"your-message\"><textarea cols=\"40\" rows=\"5\" maxlength=\"2000\" class=\"wpcf7-form-control wpcf7-textarea\" aria-invalid=\"false\" placeholder=\"Message\" name=\"your-message\"><\/textarea><\/span><\/div><div class=\"qodef-input-holder\"><span class=\"wpcf7-form-control-wrap\" data-name=\"your-name\"><input size=\"40\" maxlength=\"400\" class=\"wpcf7-form-control wpcf7-text wpcf7-validates-as-required\" aria-required=\"true\" aria-invalid=\"false\" placeholder=\"Your name\" value=\"\" type=\"text\" name=\"your-name\" \/><\/span><\/div><div class=\"qodef-input-holder\"><span class=\"wpcf7-form-control-wrap\" data-name=\"your-email\"><input size=\"40\" maxlength=\"400\" class=\"wpcf7-form-control wpcf7-email wpcf7-validates-as-required wpcf7-text wpcf7-validates-as-email\" aria-required=\"true\" aria-invalid=\"false\" placeholder=\"Your eMail\" value=\"\" type=\"email\" name=\"your-email\" \/><\/span><\/div><button class=\"wpcf7-form-control wpcf7-submit qodef-button qodef-size--normal qodef-layout--filled qodef-m\" type=\"submit\"><span class=\"qodef-m-text\">Submit<\/span><\/button><\/div><div class=\"wpcf7-response-output\" aria-hidden=\"true\"><\/div>\n<\/form>\n<\/div>\n\t\t\t<\/div>\n\t\t\t\t\t\t\t<\/div>\n\t\t\t\t<\/div>\n\t\t\t\t<\/div>\n\t\t\t\t<\/div>\n\t\t\t\t<\/div>\n\t\t","protected":false},"excerpt":{"rendered":"<p>Bize Ula\u015f\u0131n Hasdan D\u00f6k\u00fcm olarak, sorular\u0131n\u0131z\u0131 yan\u0131tlamaya ve projelerinize en uygun d\u00f6k\u00fcm \u00e7\u00f6z\u00fcmlerini sunmaya haz\u0131r\u0131z. \u00c7elik, pik, sfero ve paslanmaz d\u00f6k\u00fcm hizmetlerimiz hakk\u0131nda detayl\u0131 bilgi almak i\u00e7in bizimle ileti\u015fime ge\u00e7in. +90 554 658 20 70 hasdandokum@gmail.com info@hasdandokum.com Vatan Sanayi Sitesi, G\u00fcr\u00e7\u0131nar Sokak, No:21 Karatay \/ KONYA Pazartesi &#8211; Cuma 08.00 &#8211; 18.00<\/p>","protected":false},"author":1,"featured_media":0,"parent":0,"menu_order":0,"comment_status":"closed","ping_status":"closed","template":"page-full-width.php","meta":{"om_disable_all_campaigns":false,"_monsterinsights_skip_tracking":false,"_monsterinsights_sitenote_active":false,"_monsterinsights_sitenote_note":"","_monsterinsights_sitenote_category":0,"footnotes":""},"class_list":["post-838","page","type-page","status-publish","hentry"],"aioseo_notices":[],"_links":{"self":[{"href":"https:\/\/hasdandokum.com.tr\/en\/wp-json\/wp\/v2\/pages\/838","targetHints":{"allow":["GET"]}}],"collection":[{"href":"https:\/\/hasdandokum.com.tr\/en\/wp-json\/wp\/v2\/pages"}],"about":[{"href":"https:\/\/hasdandokum.com.tr\/en\/wp-json\/wp\/v2\/types\/page"}],"author":[{"embeddable":true,"href":"https:\/\/hasdandokum.com.tr\/en\/wp-json\/wp\/v2\/users\/1"}],"replies":[{"embeddable":true,"href":"https:\/\/hasdandokum.com.tr\/en\/wp-json\/wp\/v2\/comments?post=838"}],"version-history":[{"count":7,"href":"https:\/\/hasdandokum.com.tr\/en\/wp-json\/wp\/v2\/pages\/838\/revisions"}],"predecessor-version":[{"id":4779,"href":"https:\/\/hasdandokum.com.tr\/en\/wp-json\/wp\/v2\/pages\/838\/revisions\/4779"}],"wp:attachment":[{"href":"https:\/\/hasdandokum.com.tr\/en\/wp-json\/wp\/v2\/media?parent=838"}],"curies":[{"name":"wp","href":"https:\/\/api.w.org\/{rel}","templated":true}]}}